{"id":3129,"date":"2023-01-10T09:49:36","date_gmt":"2023-01-10T08:49:36","guid":{"rendered":"https:\/\/atsrauw.eu\/?page_id=3129"},"modified":"2023-07-20T09:39:53","modified_gmt":"2023-07-20T07:39:53","slug":"protection-des-donnees","status":"publish","type":"page","link":"https:\/\/atsrauw.eu\/fr\/protection-des-donnees\/","title":{"rendered":"Protection des donn\u00e9es"},"content":{"rendered":"<h2>Principes de base<\/h2>\n<p>Le responsable de la collecte, du traitement et de l&rsquo;utilisation de vos donn\u00e9es personnelles au sens de l&rsquo;article 4 n\u00b0 7 du RGPD est<\/p>\n<p><strong>ATS-Rauw PGmbH<\/strong><br \/>\nMorsheck 1<br \/>\nB &#8211; 4760 B\u00fcllingen<br \/>\n+32 (0)80 64 22 00<\/p>\n<p>T. : <a href=\"tel:+3280642200\">+32 (0)80 64 22 00<\/a><br \/>\nM. : <a href=\"mailto:info@atsrauw.com\">info@atsrauw.com<\/a><br \/>\nW. : <a href=\"https:\/\/atsrauw.com\">atsrauw.com<\/a><\/p>\n<p>TVA : BE0436.412.995<\/p>\n<p>Si vous souhaitez vous opposer \u00e0 la collecte, au traitement ou \u00e0 l&rsquo;utilisation de vos donn\u00e9es par nos soins conform\u00e9ment \u00e0 la pr\u00e9sente politique de confidentialit\u00e9, dans son ensemble ou pour certaines mesures, vous pouvez adresser votre opposition au\/\u00e0 la responsable.<\/p>\n<p>La pr\u00e9sente d\u00e9claration de protection des donn\u00e9es a pour but d&rsquo;informer les utilisateurs de ce site web sur la nature, l&rsquo;\u00e9tendue et la finalit\u00e9 de la collecte et de l&rsquo;utilisation des donn\u00e9es personnelles par l&rsquo;exploitant du site web.<\/p>\n<p>L&rsquo;exploitant du site prend votre protection des donn\u00e9es tr\u00e8s au s\u00e9rieux et traite vos donn\u00e9es personnelles de mani\u00e8re confidentielle et conform\u00e9ment aux dispositions l\u00e9gales. Comme les nouvelles technologies et le d\u00e9veloppement constant de ce site web peuvent entra\u00eener des modifications de cette d\u00e9claration de protection des donn\u00e9es, nous vous recommandons de la relire \u00e0 intervalles r\u00e9guliers.<\/p>\n<p>Vous trouverez les d\u00e9finitions des termes utilis\u00e9s (par ex. \u00ab\u00a0donn\u00e9es \u00e0 caract\u00e8re personnel\u00a0\u00bb ou \u00ab\u00a0traitement\u00a0\u00bb) \u00e0 l&rsquo;art. 4 du RGPD.<\/p>\n<p>&nbsp;<\/p>\n<h2>Effacement des donn\u00e9es et dur\u00e9e de conservation<\/h2>\n<p>Les donn\u00e9es \u00e0 caract\u00e8re personnel de la personne concern\u00e9e sont effac\u00e9es ou bloqu\u00e9es d\u00e8s que la finalit\u00e9 du stockage n&rsquo;a plus lieu d&rsquo;\u00eatre. Un stockage peut en outre avoir lieu si le l\u00e9gislateur europ\u00e9en ou national l&rsquo;a pr\u00e9vu dans des r\u00e8glements, lois ou autres dispositions du droit de l&rsquo;Union auxquels le responsable est soumis. Les donn\u00e9es sont \u00e9galement bloqu\u00e9es ou supprim\u00e9es lorsqu&rsquo;un d\u00e9lai de stockage prescrit par les normes mentionn\u00e9es expire, \u00e0 moins qu&rsquo;il ne soit n\u00e9cessaire de continuer \u00e0 stocker les donn\u00e9es pour la conclusion ou l&rsquo;ex\u00e9cution d&rsquo;un contrat.<\/p>\n<p>&nbsp;<\/p>\n<h2>Donn\u00e9es d&rsquo;acc\u00e8s<\/h2>\n<p>En raison de notre int\u00e9r\u00eat l\u00e9gitime (cf. art. 6, al. 1, let. f. RGPD), nous, l&rsquo;exploitant du site web ou le fournisseur du site, collectons des donn\u00e9es sur les acc\u00e8s au site web et les enregistrons en tant que \u00ab\u00a0fichiers journaux du serveur\u00a0\u00bb sur le serveur du site web. Les donn\u00e9es suivantes sont ainsi consign\u00e9es :<\/p>\n<ul>\n<li>Site web visit\u00e9<\/li>\n<li>heure au moment de l&rsquo;acc\u00e8s<\/li>\n<li>Quantit\u00e9 de donn\u00e9es envoy\u00e9es en octets<\/li>\n<li>Source\/r\u00e9f\u00e9rence \u00e0 partir de laquelle vous avez acc\u00e9d\u00e9 \u00e0 la page<\/li>\n<li>Navigateur utilis\u00e9<\/li>\n<li>Syst\u00e8me d&rsquo;exploitation utilis\u00e9<\/li>\n<li>Adresse IP utilis\u00e9e<\/li>\n<\/ul>\n<p>Les fichiers journaux du serveur sont enregistr\u00e9s pour une dur\u00e9e maximale de 180 jours et sont ensuite supprim\u00e9s. L&rsquo;enregistrement des donn\u00e9es est effectu\u00e9 pour des raisons de s\u00e9curit\u00e9, par exemple pour pouvoir \u00e9lucider des cas d&rsquo;abus. Si des donn\u00e9es doivent \u00eatre conserv\u00e9es pour des raisons de preuve, elles sont exclues de la suppression jusqu&rsquo;\u00e0 ce que l&rsquo;incident soit d\u00e9finitivement clarifi\u00e9.<\/p>\n<p>La saisie des donn\u00e9es pour la mise \u00e0 disposition du site web et l&rsquo;enregistrement des donn\u00e9es dans des fichiers journaux sont imp\u00e9rativement n\u00e9cessaires pour le fonctionnement du site web. L&rsquo;utilisateur\/utilisatrice n&rsquo;a donc pas la possibilit\u00e9 de s&rsquo;y opposer.<\/p>\n<p>&nbsp;<\/p>\n<h2>Mesure de l&rsquo;audience &amp; Cookies<\/h2>\n<p>Ce site Internet utilise des cookies pour la mesure d&rsquo;audience pseudonymis\u00e9e, qui sont transmis au navigateur de l&rsquo;utilisateur\/utilisatrice soit par notre serveur, soit par le serveur d&rsquo;un tiers. Les cookies sont de petits fichiers qui sont enregistr\u00e9s sur votre terminal. Votre navigateur acc\u00e8de \u00e0 ces fichiers. L&rsquo;utilisation de cookies am\u00e9liore la convivialit\u00e9 et la s\u00e9curit\u00e9 de ce site web.<\/p>\n<p>Si vous ne souhaitez pas que des cookies de mesure d&rsquo;audience soient enregistr\u00e9s sur votre terminal, vous pouvez vous opposer ici \u00e0 l&rsquo;utilisation de ces fichiers :<\/p>\n<ul>\n<li>Page de d\u00e9sactivation des cookies de l&rsquo;initiative de publicit\u00e9 en r\u00e9seau : <a href=\"http:\/\/optout.networkadvertising.org\/?c=1#!\/\" target=\"_blank\" rel=\"noopener noreferrer\">http:\/\/optout.networkadvertising.org\/?c=1#!\/<\/a><\/li>\n<li>Page de d\u00e9sactivation des cookies du site am\u00e9ricain : <a href=\"http:\/\/optout.aboutads.info\/?c=2#!\/\" target=\"_blank\" rel=\"noopener noreferrer\">http:\/\/optout.aboutads.info\/?c=2#!\/<\/a><\/li>\n<li>Page de d\u00e9sactivation des cookies du site europ\u00e9en : <a href=\"http:\/\/optout.networkadvertising.org\/?c=1#!\/\" target=\"_blank\" rel=\"noopener noreferrer\">http:\/\/optout.networkadvertising.org\/?c=1#!\/<\/a><\/li>\n<\/ul>\n<p>Les navigateurs courants proposent une option de param\u00e9trage permettant de ne pas autoriser les cookies. Remarque : il n&rsquo;est pas garanti que vous puissiez acc\u00e9der \u00e0 toutes les fonctions de ce site web sans restrictions si vous effectuez les r\u00e9glages correspondants.<\/p>\n<p>Nous utilisons des cookies pour rendre notre site web plus convivial. Certains \u00e9l\u00e9ments de notre site Internet exigent que le navigateur appelant puisse \u00eatre identifi\u00e9 m\u00eame apr\u00e8s un changement de page.<\/p>\n<p>Les donn\u00e9es suivantes sont alors enregistr\u00e9es et transmises dans les cookies :<\/p>\n<ul>\n<li>Param\u00e8tres de langue<\/li>\n<li>Articles dans un panier<\/li>\n<li>Informations de connexion<\/li>\n<\/ul>\n<p>&nbsp;<\/p>\n<h2>Collecte et traitement des donn\u00e9es \u00e0 caract\u00e8re personnel<\/h2>\n<p>L&rsquo;exploitant du site web ne collecte, n&rsquo;utilise et ne transmet vos donn\u00e9es personnelles que si cela est autoris\u00e9 dans le cadre l\u00e9gal ou si vous consentez \u00e0 la collecte des donn\u00e9es.<\/p>\n<p>Sont consid\u00e9r\u00e9es comme donn\u00e9es personnelles toutes les informations qui servent \u00e0 vous identifier et qui peuvent \u00eatre retrac\u00e9es jusqu&rsquo;\u00e0 vous &#8211; donc par exemple votre nom, votre adresse e-mail et votre num\u00e9ro de t\u00e9l\u00e9phone.<\/p>\n<p>Vous pouvez \u00e9galement visiter ce site web sans fournir d&rsquo;informations sur votre personne. Afin d&rsquo;am\u00e9liorer notre offre en ligne, nous enregistrons toutefois (sans r\u00e9f\u00e9rence personnelle) vos donn\u00e9es d&rsquo;acc\u00e8s \u00e0 ce site web. Ces donn\u00e9es d&rsquo;acc\u00e8s comprennent par exemple le fichier que vous avez demand\u00e9 ou le nom de votre fournisseur d&rsquo;acc\u00e8s Internet. L&rsquo;anonymisation des donn\u00e9es ne permet pas de tirer des conclusions sur votre personne.<\/p>\n<ol>\n<li><strong>Quelles?<\/strong> &#8211; Nous traitons des donn\u00e9es personnelles telles que le pr\u00e9nom, le nom, l&rsquo;adresse IP, l&rsquo;adresse e-mail, le lieu de r\u00e9sidence, le code postal et les donn\u00e9es de contenu du formulaire de contact.<\/li>\n<li><strong>Comment?<\/strong> &#8211; Nous ne traitons les donn\u00e9es \u00e0 caract\u00e8re personnel qu&rsquo;avec l&rsquo;autorisation expresse des utilisateurs concern\u00e9s et dans le respect des dispositions applicables en mati\u00e8re de protection des donn\u00e9es.<\/li>\n<li><strong>Pourquoi?<\/strong> &#8211; Le traitement des donn\u00e9es personnelles s&rsquo;effectue sur la base de notre int\u00e9r\u00eat l\u00e9gitime \u00e0 remplir les prestations convenues par contrat et \u00e0 optimiser notre offre en ligne.<\/li>\n<\/ol>\n<p>&nbsp;<\/p>\n<h2>Statistiques<\/h2>\n<p>Sur ce site web, des statistiques sont collect\u00e9es via le plugin \u00ab\u00a0WP Statistics\u00a0\u00bb.<br \/>\n&nbsp;<\/p>\n<h3>Quelles donn\u00e9es sont collect\u00e9es par WP Statistics?<\/h3>\n<p>WP Statistics ne place pas de cookies et les donn\u00e9es collect\u00e9es ne sont utilis\u00e9es que pour \u00e9tablir des statistiques anonymes sur l&rsquo;utilisation de notre site. WP Statistics rend \u00e9galement votre adresse IP anonyme. Vous ne pouvez pas \u00eatre identifi\u00e9 en tant que personne. WP Statistics collecte les donn\u00e9es des visiteurs lorsque votre navigateur web se connecte \u00e0 notre serveur web. Ces donn\u00e9es sont stock\u00e9es dans des bases de donn\u00e9es sur nos serveurs. Il s&rsquo;agit par exemple de :<\/p>\n<ul>\n<li>le nom d&rsquo;h\u00f4te et l&rsquo;adresse IP de l&rsquo;appareil \u00e0 partir duquel l&rsquo;acc\u00e8s est effectu\u00e9<\/li>\n<li>le navigateur et sa version<\/li>\n<li>le syst\u00e8me d&rsquo;exploitation utilis\u00e9<\/li>\n<li>l&rsquo;adresse (URL) du site web consult\u00e9<\/li>\n<li>l&rsquo;adresse (URL) de la page visit\u00e9e pr\u00e9c\u00e9demment (Referrer URL)<\/li>\n<li>les clics sur le site web<\/li>\n<li>la date et l&rsquo;heure<\/li>\n<li>Dur\u00e9e de la visite du site web<\/li>\n<\/ul>\n<p>Les donn\u00e9es ne sont pas transmises ni vendues.<\/p>\n<p>&nbsp;<\/p>\n<h2>Formulaire de contact et contact par e-mail<\/h2>\n<p>Notre site Internet comporte un formulaire de contact qui peut \u00eatre utilis\u00e9 pour une prise de contact \u00e9lectronique. Si un:e utilisateur:trice fait usage de cette possibilit\u00e9, les donn\u00e9es saisies dans le masque de saisie nous sont transmises et enregistr\u00e9es.<\/p>\n<p>Il est \u00e9galement possible de prendre contact via l&rsquo;adresse e-mail mise \u00e0 disposition. Dans ce cas, les donn\u00e9es personnelles de l&rsquo;utilisateur\/utilisatrice transmises par e-mail sont enregistr\u00e9es.<\/p>\n<p>Dans ce contexte, les donn\u00e9es ne sont pas transmises \u00e0 des tiers. Les donn\u00e9es sont utilis\u00e9es exclusivement pour le traitement de la conversation.<\/p>\n<p>La base juridique pour le traitement des donn\u00e9es est, en cas de consentement de l&rsquo;utilisateur\/utilisatrice, l&rsquo;art. 6, al. 1, let. a du RGPD.<\/p>\n<p>La base juridique pour le traitement des donn\u00e9es transmises dans le cadre de l&rsquo;envoi d&rsquo;un e-mail est l&rsquo;art. 6, al. 1, let. f du RGPD. Si le contact par e-mail vise \u00e0 conclure un contrat, la base juridique suppl\u00e9mentaire pour le traitement est l&rsquo;art. 6, paragraphe 1, point b) du RGPD.<\/p>\n<p>Le traitement des donn\u00e9es \u00e0 caract\u00e8re personnel figurant dans le masque de saisie nous sert uniquement \u00e0 traiter la prise de contact. Dans le cas d&rsquo;une prise de contact par e-mail, il s&rsquo;agit \u00e9galement de l&rsquo;int\u00e9r\u00eat l\u00e9gitime requis pour le traitement des donn\u00e9es.<br \/>\nLes autres donn\u00e9es personnelles trait\u00e9es pendant le processus d&rsquo;envoi servent \u00e0 emp\u00eacher une utilisation abusive du formulaire de contact et \u00e0 garantir la s\u00e9curit\u00e9 de nos syst\u00e8mes informatiques.<\/p>\n<p>Les donn\u00e9es sont effac\u00e9es d\u00e8s qu&rsquo;elles ne sont plus n\u00e9cessaires \u00e0 la r\u00e9alisation de l&rsquo;objectif pour lequel elles ont \u00e9t\u00e9 collect\u00e9es. Pour les donn\u00e9es personnelles du masque de saisie du formulaire de contact et celles qui ont \u00e9t\u00e9 envoy\u00e9es par e-mail, c&rsquo;est le cas lorsque la conversation respective avec l&rsquo;utilisateur\/l&rsquo;utilisatrice est termin\u00e9e. La conversation est termin\u00e9e lorsqu&rsquo;il ressort des circonstances que les faits concern\u00e9s ont \u00e9t\u00e9 d\u00e9finitivement clarifi\u00e9s.<\/p>\n<p>L&rsquo;utilisateur\/utilisatrice a la possibilit\u00e9 de r\u00e9voquer \u00e0 tout moment son consentement au traitement de ses donn\u00e9es personnelles. Si l&rsquo;utilisateur\/l&rsquo;utilisatrice prend contact avec nous par e-mail, il\/elle peut s&rsquo;opposer \u00e0 tout moment \u00e0 l&rsquo;enregistrement de ses donn\u00e9es personnelles. Dans un tel cas, la conversation ne peut pas \u00eatre poursuivie.<\/p>\n<p>&nbsp;<\/p>\n<h2>MEDIAS SOCIAUX, PLUGINS &amp; OUTILS<\/h2>\n<p>&nbsp;<\/p>\n<h3>Utilisation des m\u00e9dias sociaux<\/h3>\n<p>Nous entretenons des pr\u00e9sences en ligne au sein de r\u00e9seaux sociaux et de plates-formes afin de pouvoir communiquer avec les clients, les personnes int\u00e9ress\u00e9es et les utilisateurs qui y sont actifs et de les informer sur nos prestations. Nous attirons votre attention sur le fait que les donn\u00e9es des utilisateurs peuvent \u00eatre trait\u00e9es en dehors de l&rsquo;espace de l&rsquo;Union europ\u00e9enne. Il peut en r\u00e9sulter des risques pour les utilisateurs, par exemple parce qu&rsquo;il pourrait \u00eatre plus difficile de faire valoir leurs droits. En ce qui concerne les fournisseurs am\u00e9ricains certifi\u00e9s dans le cadre du Privacy Shield, nous attirons votre attention sur le fait qu&rsquo;ils s&rsquo;engagent ainsi \u00e0 respecter les normes de protection des donn\u00e9es de l&rsquo;UE. En outre, les donn\u00e9es des utilisateurs sont g\u00e9n\u00e9ralement trait\u00e9es \u00e0 des fins d&rsquo;\u00e9tudes de march\u00e9 et de publicit\u00e9. Ainsi, des profils d&rsquo;utilisation peuvent \u00eatre cr\u00e9\u00e9s \u00e0 partir du comportement d&rsquo;utilisation et des int\u00e9r\u00eats des utilisateurs qui en r\u00e9sultent. Les profils d&rsquo;utilisation peuvent \u00e0 leur tour \u00eatre utilis\u00e9s, par exemple, pour diffuser des annonces publicitaires \u00e0 l&rsquo;int\u00e9rieur et \u00e0 l&rsquo;ext\u00e9rieur des plates-formes, qui sont suppos\u00e9es correspondre aux int\u00e9r\u00eats des utilisateurs. \u00c0 ces fins, des cookies sont g\u00e9n\u00e9ralement stock\u00e9s sur les ordinateurs des utilisateurs, dans lesquels le comportement d&rsquo;utilisation et les int\u00e9r\u00eats des utilisateurs sont enregistr\u00e9s. En outre, les donn\u00e9es peuvent \u00eatre enregistr\u00e9es dans les profils d&rsquo;utilisation ind\u00e9pendamment des appareils utilis\u00e9s par les utilisateurs (en particulier si les utilisateurs sont membres des plateformes respectives et s&rsquo;y sont connect\u00e9s). Le traitement des donn\u00e9es personnelles des utilisateurs se fait sur la base de nos int\u00e9r\u00eats l\u00e9gitimes \u00e0 informer efficacement les utilisateurs et \u00e0 communiquer avec eux, conform\u00e9ment \u00e0 l&rsquo;article 6, paragraphe 1, point f. du RGPD. RGPD. Si les utilisateurs sont invit\u00e9s par les fournisseurs respectifs des plateformes \u00e0 donner leur consentement au traitement des donn\u00e9es d\u00e9crit ci-dessus, la base juridique du traitement est l&rsquo;article 6, paragraphe 1, point a., et l&rsquo;article 7 du RGPD. Pour une pr\u00e9sentation d\u00e9taill\u00e9e des traitements respectifs et des possibilit\u00e9s d&rsquo;opposition (opt-out), nous vous renvoyons aux indications des prestataires dont les liens figurent ci-apr\u00e8s. Nous attirons \u00e9galement l&rsquo;attention sur le fait que les demandes de renseignements et l&rsquo;exercice des droits des utilisateurs peuvent \u00eatre exerc\u00e9s le plus efficacement aupr\u00e8s des fournisseurs. Seuls les fournisseurs ont acc\u00e8s aux donn\u00e9es des utilisateurs et peuvent prendre directement les mesures qui s&rsquo;imposent et fournir des renseignements. Si vous avez n\u00e9anmoins besoin d&rsquo;aide, vous pouvez vous adresser \u00e0 nous.<br \/>\n&nbsp;<\/p>\n<h3>Int\u00e9gration de services et de contenus (plugins) de tiers<\/h3>\n<p>Dans le cadre de notre offre en ligne, nous utilisons, sur la base de nos int\u00e9r\u00eats l\u00e9gitimes (c&rsquo;est-\u00e0-dire l&rsquo;int\u00e9r\u00eat pour l&rsquo;analyse, l&rsquo;optimisation et l&rsquo;exploitation \u00e9conomique et dans l&rsquo;int\u00e9r\u00eat d&rsquo;une pr\u00e9sentation attrayante de notre offre en ligne au sens de l&rsquo;article 6, paragraphe 1, point f. DSGVO) des offres de contenus ou de services de prestataires tiers, afin d&rsquo;int\u00e9grer leurs contenus et services, comme par exemple des vid\u00e9os ou des articles. Une telle int\u00e9gration suppose toujours que les fournisseurs tiers de ces contenus prennent connaissance de votre adresse IP, car ils ne peuvent pas envoyer les contenus \u00e0 votre navigateur sans l&rsquo;adresse IP. L&rsquo;adresse IP est donc n\u00e9cessaire pour la repr\u00e9sentation de ces contenus.<br \/>\nNous nous effor\u00e7ons de n&rsquo;utiliser que des contenus dont les fournisseurs n&rsquo;utilisent votre adresse IP que pour la livraison des contenus. Les fournisseurs tiers peuvent \u00e9galement utiliser des balises pixel (graphiques invisibles, \u00e9galement appel\u00e9s \u00ab\u00a0balises web\u00a0\u00bb) \u00e0 des fins statistiques ou de marketing. Les \u00ab\u00a0pixel tags\u00a0\u00bb permettent d&rsquo;\u00e9valuer des informations telles que le trafic de visiteurs sur les pages de ce site web. Les informations pseudonymes peuvent en outre \u00eatre enregistr\u00e9es dans des cookies sur votre appareil et contenir, entre autres, des informations techniques sur votre navigateur et votre syst\u00e8me d&rsquo;exploitation, les pages web de r\u00e9f\u00e9rence, l&rsquo;heure de la visite ainsi que d&rsquo;autres indications sur votre utilisation de notre offre en ligne, mais aussi \u00eatre li\u00e9es \u00e0 de telles informations provenant d&rsquo;autres sources.<\/p>\n","protected":false},"excerpt":{"rendered":"Principes de base Le responsable de la collecte, du traitement et de l&rsquo;utilisation de vos donn\u00e9es personnelles au sens de l&rsquo;article 4 n\u00b0 7 du RGPD est ATS-Rauw PGmbH Morsheck 1 B &#8211; 4760 B\u00fcllingen +32 (0)80 64 22 00 T. : +32 (0)80 64 22 00 M. : info@atsrauw.com W. : atsrauw.com TVA : [&hellip;]","protected":false},"author":1,"featured_media":0,"parent":0,"menu_order":5,"comment_status":"closed","ping_status":"closed","template":"datenschutz.php","meta":{"_acf_changed":false,"footnotes":""},"class_list":["post-3129","page","type-page","status-publish","hentry"],"acf":[],"_links":{"self":[{"href":"https:\/\/atsrauw.eu\/fr\/wp-json\/wp\/v2\/pages\/3129","targetHints":{"allow":["GET"]}}],"collection":[{"href":"https:\/\/atsrauw.eu\/fr\/wp-json\/wp\/v2\/pages"}],"about":[{"href":"https:\/\/atsrauw.eu\/fr\/wp-json\/wp\/v2\/types\/page"}],"author":[{"embeddable":true,"href":"https:\/\/atsrauw.eu\/fr\/wp-json\/wp\/v2\/users\/1"}],"replies":[{"embeddable":true,"href":"https:\/\/atsrauw.eu\/fr\/wp-json\/wp\/v2\/comments?post=3129"}],"version-history":[{"count":7,"href":"https:\/\/atsrauw.eu\/fr\/wp-json\/wp\/v2\/pages\/3129\/revisions"}],"predecessor-version":[{"id":3734,"href":"https:\/\/atsrauw.eu\/fr\/wp-json\/wp\/v2\/pages\/3129\/revisions\/3734"}],"wp:attachment":[{"href":"https:\/\/atsrauw.eu\/fr\/wp-json\/wp\/v2\/media?parent=3129"}],"curies":[{"name":"wp","href":"https:\/\/api.w.org\/{rel}","templated":true}]}}