{"id":3131,"date":"2023-01-26T11:48:36","date_gmt":"2023-01-26T10:48:36","guid":{"rendered":"https:\/\/atsrauw.eu\/?page_id=3131"},"modified":"2023-07-19T11:47:14","modified_gmt":"2023-07-19T09:47:14","slug":"mentions-legales","status":"publish","type":"page","link":"https:\/\/atsrauw.eu\/fr\/mentions-legales\/","title":{"rendered":"Mentions l\u00e9gales"},"content":{"rendered":"<h3>Editeur responsable :<\/h3>\n<p><strong>ATS-Rauw S\u00e0rl<\/strong><br \/>\nMorsheck 1<br \/>\nB-4760 B\u00fcllingen<br \/>\nE-mail: <a href=\"mailto:info@atsrauw.com\" target=\"_blank\" rel=\"noopener\">info@atsrauw.com<\/a><\/p>\n<p>TVA: BE0436.412.995<\/p>\n<p>&nbsp;<\/p>\n<h3>R\u00e9alisation:<\/h3>\n<p><strong>CLOTH. kreativbureau<\/strong><br \/>\nSchnellewindgasse 8<br \/>\nB-4700 Eupen<br \/>\nE-mail: <a href=\"mailto:info@cloth.be\">info@cloth.be<\/a><br \/>\nWeb: <a href=\"https:\/\/www.cloth.be\" target=\"_blank\" rel=\"noopener noreferrer\">www.cloth.be<\/a><\/p>\n","protected":false},"excerpt":{"rendered":"Editeur responsable : ATS-Rauw S\u00e0rl Morsheck 1 B-4760 B\u00fcllingen E-mail: info@atsrauw.com TVA: BE0436.412.995 &nbsp; R\u00e9alisation: CLOTH. kreativbureau Schnellewindgasse 8 B-4700 Eupen E-mail: info@cloth.be Web: www.cloth.be","protected":false},"author":1,"featured_media":0,"parent":0,"menu_order":4,"comment_status":"closed","ping_status":"closed","template":"datenschutz.php","meta":{"_acf_changed":false,"footnotes":""},"class_list":["post-3131","page","type-page","status-publish","hentry"],"acf":[],"_links":{"self":[{"href":"https:\/\/atsrauw.eu\/fr\/wp-json\/wp\/v2\/pages\/3131","targetHints":{"allow":["GET"]}}],"collection":[{"href":"https:\/\/atsrauw.eu\/fr\/wp-json\/wp\/v2\/pages"}],"about":[{"href":"https:\/\/atsrauw.eu\/fr\/wp-json\/wp\/v2\/types\/page"}],"author":[{"embeddable":true,"href":"https:\/\/atsrauw.eu\/fr\/wp-json\/wp\/v2\/users\/1"}],"replies":[{"embeddable":true,"href":"https:\/\/atsrauw.eu\/fr\/wp-json\/wp\/v2\/comments?post=3131"}],"version-history":[{"count":7,"href":"https:\/\/atsrauw.eu\/fr\/wp-json\/wp\/v2\/pages\/3131\/revisions"}],"predecessor-version":[{"id":3645,"href":"https:\/\/atsrauw.eu\/fr\/wp-json\/wp\/v2\/pages\/3131\/revisions\/3645"}],"wp:attachment":[{"href":"https:\/\/atsrauw.eu\/fr\/wp-json\/wp\/v2\/media?parent=3131"}],"curies":[{"name":"wp","href":"https:\/\/api.w.org\/{rel}","templated":true}]}}